{"id":317,"date":"2025-01-28T10:40:27","date_gmt":"2025-01-28T10:40:27","guid":{"rendered":"https:\/\/kosten-management.de\/?page_id=317"},"modified":"2025-02-02T19:17:45","modified_gmt":"2025-02-02T19:17:45","slug":"kontakt","status":"publish","type":"page","link":"https:\/\/kosten-management.de\/en\/kontakt\/","title":{"rendered":"Contact"},"content":{"rendered":"<div data-elementor-type=\"wp-page\" data-elementor-id=\"317\" class=\"elementor elementor-317\" data-elementor-post-type=\"page\">\n\t\t\t\t\t\t<section class=\"elementor-section elementor-top-section elementor-element elementor-element-3ad1c087 elementor-section-height-min-height elementor-section-items-stretch elementor-section-boxed elementor-section-height-default wpr-particle-no wpr-jarallax-no wpr-parallax-no wpr-sticky-section-no\" data-id=\"3ad1c087\" data-element_type=\"section\" data-settings=\"{&quot;background_background&quot;:&quot;classic&quot;}\">\n\t\t\t\t\t\t<div class=\"elementor-container elementor-column-gap-default\">\n\t\t\t\t\t<div class=\"elementor-column elementor-col-100 elementor-top-column elementor-element elementor-element-58fbd65d\" data-id=\"58fbd65d\" data-element_type=\"column\">\n\t\t\t<div class=\"elementor-widget-wrap elementor-element-populated\">\n\t\t\t\t\t\t<div class=\"elementor-element elementor-element-780d7e7d elementor-widget elementor-widget-text-editor\" data-id=\"780d7e7d\" data-element_type=\"widget\" data-widget_type=\"text-editor.default\">\n\t\t\t\t<div class=\"elementor-widget-container\">\n\t\t\t\t\t\t\t\t\t<p>We look forward to hearing from you!<\/p>\t\t\t\t\t\t\t\t<\/div>\n\t\t\t\t<\/div>\n\t\t\t\t<div class=\"elementor-element elementor-element-33631156 elementor-widget elementor-widget-text-editor\" data-id=\"33631156\" data-element_type=\"widget\" data-widget_type=\"text-editor.default\">\n\t\t\t\t<div class=\"elementor-widget-container\">\n\t\t\t\t\t\t\t\t\t<p>10243 Berlin<br \/>E-Mail: <a href=\"mailto:kosten@targetp.de\">kosten(at)targetp.de<\/a><\/p>\t\t\t\t\t\t\t\t<\/div>\n\t\t\t\t<\/div>\n\t\t\t\t<div class=\"elementor-element elementor-element-97887a3 elementor-shape-circle elementor-grid-0 e-grid-align-center elementor-widget elementor-widget-social-icons\" data-id=\"97887a3\" data-element_type=\"widget\" data-widget_type=\"social-icons.default\">\n\t\t\t\t<div class=\"elementor-widget-container\">\n\t\t\t\t\t\t\t<div class=\"elementor-social-icons-wrapper elementor-grid\">\n\t\t\t\t\t\t\t<span class=\"elementor-grid-item\">\n\t\t\t\t\t<a class=\"elementor-icon elementor-social-icon elementor-social-icon-linkedin elementor-animation-grow elementor-repeater-item-9c86cde\" href=\"https:\/\/www.linkedin.com\/in\/jan-henner-theissen\/\" target=\"_blank\">\n\t\t\t\t\t\t<span class=\"elementor-screen-only\">Linkedin<\/span>\n\t\t\t\t\t\t<svg class=\"e-font-icon-svg e-fab-linkedin\" viewbox=\"0 0 448 512\" xmlns=\"http:\/\/www.w3.org\/2000\/svg\"><path d=\"M416 32H31.9C14.3 32 0 46.5 0 64.3v383.4C0 465.5 14.3 480 31.9 480H416c17.6 0 32-14.5 32-32.3V64.3c0-17.8-14.4-32.3-32-32.3zM135.4 416H69V202.2h66.5V416zm-33.2-243c-21.3 0-38.5-17.3-38.5-38.5S80.9 96 102.2 96c21.2 0 38.5 17.3 38.5 38.5 0 21.3-17.2 38.5-38.5 38.5zm282.1 243h-66.4V312c0-24.8-.5-56.7-34.5-56.7-34.6 0-39.9 27-39.9 54.9V416h-66.4V202.2h63.7v29.2h.9c8.9-16.8 30.6-34.5 62.9-34.5 67.2 0 79.7 44.3 79.7 101.9V416z\"><\/path><\/svg>\t\t\t\t\t<\/a>\n\t\t\t\t<\/span>\n\t\t\t\t\t<\/div>\n\t\t\t\t\t\t<\/div>\n\t\t\t\t<\/div>\n\t\t\t\t\t<\/div>\n\t\t<\/div>\n\t\t\t\t\t<\/div>\n\t\t<\/section>\n\t\t<div class=\"elementor-element elementor-element-80aa44d e-flex e-con-boxed wpr-particle-no wpr-jarallax-no wpr-parallax-no wpr-sticky-section-no e-con e-parent\" data-id=\"80aa44d\" data-element_type=\"container\">\n\t\t\t\t\t<div class=\"e-con-inner\">\n\t\t\t\t<div class=\"elementor-element elementor-element-cfaf652 elementor-widget elementor-widget-shortcode\" data-id=\"cfaf652\" data-element_type=\"widget\" data-widget_type=\"shortcode.default\">\n\t\t\t\t<div class=\"elementor-widget-container\">\n\t\t\t\t\t\t\t<div class=\"elementor-shortcode\"><div class=\"wpforms-container wpforms-container-full wpforms-render-modern\" id=\"wpforms-905\"><form id=\"wpforms-form-905\" class=\"wpforms-validate wpforms-form wpforms-ajax-form\" data-formid=\"905\" method=\"post\" enctype=\"multipart\/form-data\" action=\"\/en\/wp-json\/wp\/v2\/pages\/317\" data-token=\"e190577dc7e4ee6280ea505f65db102f\" data-token-time=\"1775791838\" data-trp-original-action=\"\/en\/wp-json\/wp\/v2\/pages\/317\"><noscript class=\"wpforms-error-noscript\">Please enable JavaScript in your browser to complete this form.<\/noscript><div class=\"wpforms-hidden\" id=\"wpforms-error-noscript\">Please enable JavaScript in your browser to complete this form.<\/div><div class=\"wpforms-field-container\"><div id=\"wpforms-905-field_1-container\" class=\"wpforms-field wpforms-field-name\" data-field-id=\"1\"><fieldset><legend class=\"wpforms-field-label\">Name <span class=\"wpforms-required-label\" aria-hidden=\"true\">*<\/span><\/legend><div class=\"wpforms-field-row wpforms-field-medium\"><div class=\"wpforms-field-row-block wpforms-first wpforms-one-half\"><input type=\"text\" id=\"wpforms-905-field_1\" class=\"wpforms-field-name-first wpforms-field-required\" name=\"wpforms[fields][1][first]\" placeholder=\"First Name\" aria-errormessage=\"wpforms-905-field_1-error\" required><label for=\"wpforms-905-field_1\" class=\"wpforms-field-sublabel after wpforms-sublabel-hide\">First<\/label><\/div><div class=\"wpforms-field-row-block wpforms-one-half\"><input type=\"text\" id=\"wpforms-905-field_1-last\" class=\"wpforms-field-name-last wpforms-field-required\" name=\"wpforms[fields][1][last]\" placeholder=\"Last Name\" aria-errormessage=\"wpforms-905-field_1-last-error\" required><label for=\"wpforms-905-field_1-last\" class=\"wpforms-field-sublabel after wpforms-sublabel-hide\">Last<\/label><\/div><\/div><\/fieldset><\/div><div id=\"wpforms-905-field_2-container\" class=\"wpforms-field wpforms-field-email\" data-field-id=\"2\"><label class=\"wpforms-field-label\" for=\"wpforms-905-field_2\">Email Address <span class=\"wpforms-required-label\" aria-hidden=\"true\">*<\/span><\/label><input type=\"email\" id=\"wpforms-905-field_2\" class=\"wpforms-field-medium wpforms-field-required\" name=\"wpforms[fields][2]\" spellcheck=\"false\" aria-errormessage=\"wpforms-905-field_2-error\" required><\/div><div id=\"wpforms-905-field_3-container\" class=\"wpforms-field wpforms-field-textarea\" data-field-id=\"3\"><label class=\"wpforms-field-label\" for=\"wpforms-905-field_3\">Your Message <span class=\"wpforms-required-label\" aria-hidden=\"true\">*<\/span><\/label><textarea id=\"wpforms-905-field_3\" class=\"wpforms-field-medium wpforms-field-required\" name=\"wpforms[fields][3]\" aria-errormessage=\"wpforms-905-field_3-error\" required><\/textarea><\/div><div id=\"wpforms-905-field_4-container\" class=\"wpforms-field wpforms-field-checkbox\" data-field-id=\"4\"><fieldset><legend class=\"wpforms-field-label\">Data Processing <span class=\"wpforms-required-label\" aria-hidden=\"true\">*<\/span><\/legend><ul id=\"wpforms-905-field_4\" class=\"wpforms-field-required\"><li class=\"choice-1 depth-1\"><input type=\"checkbox\" id=\"wpforms-905-field_4_1\" name=\"wpforms[fields][4][]\" value=\"Durch Klick auf &quot;Absenden&quot; stimme ich der Verarbeitung meiner Daten gem\u00e4\u00df der Datenschutzerkl\u00e4rung zu.\" aria-errormessage=\"wpforms-905-field_4_1-error\" required><label class=\"wpforms-field-label-inline\" for=\"wpforms-905-field_4_1\">By clicking on \u201cSend\u201d I agree to the processing of my data in accordance with the privacy policy.<\/label><\/li><\/ul><\/fieldset><\/div><\/div><!-- .wpforms-field-container --><div class=\"wpforms-recaptcha-container wpforms-is-recaptcha wpforms-is-recaptcha-type-v2\" ><div class=\"g-recaptcha\" data-sitekey=\"6Lc7AMkqAAAAAPnSa8qExFIDFmcrxyhqn5Ekpv_l\"><\/div><input type=\"text\" name=\"g-recaptcha-hidden\" class=\"wpforms-recaptcha-hidden\" style=\"position:absolute!important;clip:rect(0,0,0,0)!important;height:1px!important;width:1px!important;border:0!important;overflow:hidden!important;padding:0!important;margin:0!important;\" data-rule-recaptcha=\"1\"><\/div><div class=\"wpforms-submit-container\" ><input type=\"hidden\" name=\"wpforms[id]\" value=\"905\"><input type=\"hidden\" name=\"page_title\" value=\"\"><input type=\"hidden\" name=\"page_url\" value=\"https:\/\/kosten-management.de\/en\/wp-json\/wp\/v2\/pages\/317\"><button type=\"submit\" name=\"wpforms[submit]\" id=\"wpforms-submit-905\" class=\"wpforms-submit\" data-alt-text=\"Wird gesendet ...\" data-submit-text=\"Absenden\" aria-live=\"assertive\" value=\"wpforms-submit\">Send<\/button><img decoding=\"async\" src=\"https:\/\/kosten-management.de\/wp-content\/plugins\/wpforms-lite\/assets\/images\/submit-spin.svg\" class=\"wpforms-submit-spinner\" style=\"display: none;\" width=\"26\" height=\"26\" alt=\"Loading\"><\/div><input type=\"hidden\" name=\"trp-form-language\" value=\"en\"\/><\/form><\/div>  <!-- .wpforms-container --><\/div>\n\t\t\t\t\t\t<\/div>\n\t\t\t\t<\/div>\n\t\t\t\t\t<\/div>\n\t\t\t\t<\/div>\n\t\t\t\t<\/div>","protected":false},"excerpt":{"rendered":"<p>Wir freuen uns auf Ihre Kontaktaufnahme! 10243 BerlinE-Mail: kosten(at)targetp.de Linkedin<\/p>","protected":false},"author":1,"featured_media":0,"parent":0,"menu_order":0,"comment_status":"closed","ping_status":"closed","template":"elementor_header_footer","meta":{"footnotes":""},"class_list":["post-317","page","type-page","status-publish","hentry"],"yoast_head":"<!-- This site is optimized with the Yoast SEO plugin v24.4 - https:\/\/yoast.com\/wordpress\/plugins\/seo\/ -->\n<title>Kontakt - targetP<\/title>\n<meta name=\"robots\" content=\"index, follow, max-snippet:-1, max-image-preview:large, max-video-preview:-1\" \/>\n<link rel=\"canonical\" href=\"https:\/\/kosten-management.de\/en\/kontakt\/\" \/>\n<meta property=\"og:locale\" content=\"en_US\" \/>\n<meta property=\"og:type\" content=\"article\" \/>\n<meta property=\"og:title\" content=\"Kontakt - targetP\" \/>\n<meta property=\"og:description\" content=\"Wir freuen uns auf Ihre Kontaktaufnahme! 10243 BerlinE-Mail: kosten(at)targetp.de Linkedin\" \/>\n<meta property=\"og:url\" content=\"https:\/\/kosten-management.de\/en\/kontakt\/\" \/>\n<meta property=\"og:site_name\" content=\"targetP\" \/>\n<meta property=\"article:modified_time\" content=\"2025-02-02T19:17:45+00:00\" \/>\n<meta property=\"og:image\" content=\"https:\/\/kosten-management.de\/wp-content\/uploads\/2025\/02\/grafik1.png\" \/>\n\t<meta property=\"og:image:width\" content=\"3840\" \/>\n\t<meta property=\"og:image:height\" content=\"2160\" \/>\n\t<meta property=\"og:image:type\" content=\"image\/png\" \/>\n<meta name=\"twitter:card\" content=\"summary_large_image\" \/>\n<script type=\"application\/ld+json\" class=\"yoast-schema-graph\">{\"@context\":\"https:\/\/schema.org\",\"@graph\":[{\"@type\":\"WebPage\",\"@id\":\"https:\/\/kosten-management.de\/kontakt\/\",\"url\":\"https:\/\/kosten-management.de\/kontakt\/\",\"name\":\"Kontakt - targetP\",\"isPartOf\":{\"@id\":\"https:\/\/kosten-management.de\/#website\"},\"datePublished\":\"2025-01-28T10:40:27+00:00\",\"dateModified\":\"2025-02-02T19:17:45+00:00\",\"breadcrumb\":{\"@id\":\"https:\/\/kosten-management.de\/kontakt\/#breadcrumb\"},\"inLanguage\":\"en-US\",\"potentialAction\":[{\"@type\":\"ReadAction\",\"target\":[\"https:\/\/kosten-management.de\/kontakt\/\"]}]},{\"@type\":\"BreadcrumbList\",\"@id\":\"https:\/\/kosten-management.de\/kontakt\/#breadcrumb\",\"itemListElement\":[{\"@type\":\"ListItem\",\"position\":1,\"name\":\"Home\",\"item\":\"https:\/\/kosten-management.de\/\"},{\"@type\":\"ListItem\",\"position\":2,\"name\":\"Kontakt\"}]},{\"@type\":\"WebSite\",\"@id\":\"https:\/\/kosten-management.de\/#website\",\"url\":\"https:\/\/kosten-management.de\/\",\"name\":\"targetP\",\"description\":\"Kostenmanagement\",\"publisher\":{\"@id\":\"https:\/\/kosten-management.de\/#organization\"},\"potentialAction\":[{\"@type\":\"SearchAction\",\"target\":{\"@type\":\"EntryPoint\",\"urlTemplate\":\"https:\/\/kosten-management.de\/?s={search_term_string}\"},\"query-input\":{\"@type\":\"PropertyValueSpecification\",\"valueRequired\":true,\"valueName\":\"search_term_string\"}}],\"inLanguage\":\"en-US\"},{\"@type\":\"Organization\",\"@id\":\"https:\/\/kosten-management.de\/#organization\",\"name\":\"targetP\",\"url\":\"https:\/\/kosten-management.de\/\",\"logo\":{\"@type\":\"ImageObject\",\"inLanguage\":\"en-US\",\"@id\":\"https:\/\/kosten-management.de\/#\/schema\/logo\/image\/\",\"url\":\"https:\/\/kosten-management.de\/wp-content\/uploads\/2025\/01\/logo_targetP_2024_Cost__Complexity.png\",\"contentUrl\":\"https:\/\/kosten-management.de\/wp-content\/uploads\/2025\/01\/logo_targetP_2024_Cost__Complexity.png\",\"width\":3000,\"height\":709,\"caption\":\"targetP\"},\"image\":{\"@id\":\"https:\/\/kosten-management.de\/#\/schema\/logo\/image\/\"}}]}<\/script>\n<!-- \/ Yoast SEO plugin. -->","yoast_head_json":{"title":"Kontakt - targetP","robots":{"index":"index","follow":"follow","max-snippet":"max-snippet:-1","max-image-preview":"max-image-preview:large","max-video-preview":"max-video-preview:-1"},"canonical":"https:\/\/kosten-management.de\/en\/kontakt\/","og_locale":"en_US","og_type":"article","og_title":"Kontakt - targetP","og_description":"Wir freuen uns auf Ihre Kontaktaufnahme! 10243 BerlinE-Mail: kosten(at)targetp.de Linkedin","og_url":"https:\/\/kosten-management.de\/en\/kontakt\/","og_site_name":"targetP","article_modified_time":"2025-02-02T19:17:45+00:00","og_image":[{"width":3840,"height":2160,"url":"https:\/\/kosten-management.de\/wp-content\/uploads\/2025\/02\/grafik1.png","type":"image\/png"}],"twitter_card":"summary_large_image","schema":{"@context":"https:\/\/schema.org","@graph":[{"@type":"WebPage","@id":"https:\/\/kosten-management.de\/kontakt\/","url":"https:\/\/kosten-management.de\/kontakt\/","name":"Kontakt - targetP","isPartOf":{"@id":"https:\/\/kosten-management.de\/#website"},"datePublished":"2025-01-28T10:40:27+00:00","dateModified":"2025-02-02T19:17:45+00:00","breadcrumb":{"@id":"https:\/\/kosten-management.de\/kontakt\/#breadcrumb"},"inLanguage":"en-US","potentialAction":[{"@type":"ReadAction","target":["https:\/\/kosten-management.de\/kontakt\/"]}]},{"@type":"BreadcrumbList","@id":"https:\/\/kosten-management.de\/kontakt\/#breadcrumb","itemListElement":[{"@type":"ListItem","position":1,"name":"Home","item":"https:\/\/kosten-management.de\/"},{"@type":"ListItem","position":2,"name":"Kontakt"}]},{"@type":"WebSite","@id":"https:\/\/kosten-management.de\/#website","url":"https:\/\/kosten-management.de\/","name":"targetP","description":"Kostenmanagement","publisher":{"@id":"https:\/\/kosten-management.de\/#organization"},"potentialAction":[{"@type":"SearchAction","target":{"@type":"EntryPoint","urlTemplate":"https:\/\/kosten-management.de\/?s={search_term_string}"},"query-input":{"@type":"PropertyValueSpecification","valueRequired":true,"valueName":"search_term_string"}}],"inLanguage":"en-US"},{"@type":"Organization","@id":"https:\/\/kosten-management.de\/#organization","name":"targetP","url":"https:\/\/kosten-management.de\/","logo":{"@type":"ImageObject","inLanguage":"en-US","@id":"https:\/\/kosten-management.de\/#\/schema\/logo\/image\/","url":"https:\/\/kosten-management.de\/wp-content\/uploads\/2025\/01\/logo_targetP_2024_Cost__Complexity.png","contentUrl":"https:\/\/kosten-management.de\/wp-content\/uploads\/2025\/01\/logo_targetP_2024_Cost__Complexity.png","width":3000,"height":709,"caption":"targetP"},"image":{"@id":"https:\/\/kosten-management.de\/#\/schema\/logo\/image\/"}}]}},"_links":{"self":[{"href":"https:\/\/kosten-management.de\/en\/wp-json\/wp\/v2\/pages\/317","targetHints":{"allow":["GET"]}}],"collection":[{"href":"https:\/\/kosten-management.de\/en\/wp-json\/wp\/v2\/pages"}],"about":[{"href":"https:\/\/kosten-management.de\/en\/wp-json\/wp\/v2\/types\/page"}],"author":[{"embeddable":true,"href":"https:\/\/kosten-management.de\/en\/wp-json\/wp\/v2\/users\/1"}],"replies":[{"embeddable":true,"href":"https:\/\/kosten-management.de\/en\/wp-json\/wp\/v2\/comments?post=317"}],"version-history":[{"count":40,"href":"https:\/\/kosten-management.de\/en\/wp-json\/wp\/v2\/pages\/317\/revisions"}],"predecessor-version":[{"id":979,"href":"https:\/\/kosten-management.de\/en\/wp-json\/wp\/v2\/pages\/317\/revisions\/979"}],"wp:attachment":[{"href":"https:\/\/kosten-management.de\/en\/wp-json\/wp\/v2\/media?parent=317"}],"curies":[{"name":"wp","href":"https:\/\/api.w.org\/{rel}","templated":true}]}}