{"id":1406,"date":"2026-04-23T14:33:43","date_gmt":"2026-04-23T14:33:43","guid":{"rendered":"https:\/\/kosten-management.de\/?page_id=1406"},"modified":"2026-04-24T06:49:06","modified_gmt":"2026-04-24T06:49:06","slug":"technologien","status":"publish","type":"page","link":"https:\/\/kosten-management.de\/en\/technologien\/","title":{"rendered":"Technologies"},"content":{"rendered":"<div data-elementor-type=\"wp-page\" data-elementor-id=\"1406\" class=\"elementor elementor-1406\" data-elementor-post-type=\"page\">\n\t\t\t\t<div class=\"elementor-element elementor-element-b0e7cf7 e-flex e-con-boxed wpr-particle-no wpr-jarallax-no wpr-parallax-no wpr-sticky-section-no e-con e-parent\" data-id=\"b0e7cf7\" data-element_type=\"container\" data-settings=\"{&quot;background_background&quot;:&quot;classic&quot;}\">\n\t\t\t\t\t<div class=\"e-con-inner\">\n\t\t<div class=\"elementor-element elementor-element-2863778 e-con-full elementor-hidden-tablet elementor-hidden-mobile e-flex wpr-particle-no wpr-jarallax-no wpr-parallax-no wpr-sticky-section-no e-con e-child\" data-id=\"2863778\" data-element_type=\"container\">\n\t\t\t\t<div class=\"elementor-element elementor-element-3e4ce4b elementor-widget elementor-widget-image\" data-id=\"3e4ce4b\" data-element_type=\"widget\" data-widget_type=\"image.default\">\n\t\t\t\t<div class=\"elementor-widget-container\">\n\t\t\t\t\t\t\t\t\t\t\t\t\t\t\t<img fetchpriority=\"high\" decoding=\"async\" width=\"800\" height=\"450\" src=\"https:\/\/kosten-management.de\/wp-content\/uploads\/2026\/04\/1-3-1024x576.png\" class=\"attachment-large size-large wp-image-1412\" alt=\"Kostenanalyse Risikomanagement\" srcset=\"https:\/\/kosten-management.de\/wp-content\/uploads\/2026\/04\/1-3-1024x576.png 1024w, https:\/\/kosten-management.de\/wp-content\/uploads\/2026\/04\/1-3-300x169.png 300w, https:\/\/kosten-management.de\/wp-content\/uploads\/2026\/04\/1-3-768x432.png 768w, https:\/\/kosten-management.de\/wp-content\/uploads\/2026\/04\/1-3-1536x864.png 1536w, https:\/\/kosten-management.de\/wp-content\/uploads\/2026\/04\/1-3-18x10.png 18w, https:\/\/kosten-management.de\/wp-content\/uploads\/2026\/04\/1-3.png 1920w\" sizes=\"(max-width: 800px) 100vw, 800px\" \/>\t\t\t\t\t\t\t\t\t\t\t\t\t\t\t<\/div>\n\t\t\t\t<\/div>\n\t\t\t\t<div class=\"elementor-element elementor-element-4577157 elementor-widget elementor-widget-image\" data-id=\"4577157\" data-element_type=\"widget\" data-widget_type=\"image.default\">\n\t\t\t\t<div class=\"elementor-widget-container\">\n\t\t\t\t\t\t\t\t\t\t\t\t\t\t\t<img decoding=\"async\" width=\"800\" height=\"450\" src=\"https:\/\/kosten-management.de\/wp-content\/uploads\/2026\/04\/2-2-1024x576.png\" class=\"attachment-large size-large wp-image-1411\" alt=\"Wir helfen Ihnen bei Kostenanalyse Risikomanagement\" srcset=\"https:\/\/kosten-management.de\/wp-content\/uploads\/2026\/04\/2-2-1024x576.png 1024w, https:\/\/kosten-management.de\/wp-content\/uploads\/2026\/04\/2-2-300x169.png 300w, https:\/\/kosten-management.de\/wp-content\/uploads\/2026\/04\/2-2-768x432.png 768w, https:\/\/kosten-management.de\/wp-content\/uploads\/2026\/04\/2-2-1536x864.png 1536w, https:\/\/kosten-management.de\/wp-content\/uploads\/2026\/04\/2-2-18x10.png 18w, https:\/\/kosten-management.de\/wp-content\/uploads\/2026\/04\/2-2.png 1920w\" sizes=\"(max-width: 800px) 100vw, 800px\" \/>\t\t\t\t\t\t\t\t\t\t\t\t\t\t\t<\/div>\n\t\t\t\t<\/div>\n\t\t\t\t<div class=\"elementor-element elementor-element-c1347fd elementor-widget elementor-widget-image\" data-id=\"c1347fd\" data-element_type=\"widget\" data-widget_type=\"image.default\">\n\t\t\t\t<div class=\"elementor-widget-container\">\n\t\t\t\t\t\t\t\t\t\t\t\t\t\t\t<img decoding=\"async\" width=\"800\" height=\"450\" src=\"https:\/\/kosten-management.de\/wp-content\/uploads\/2026\/04\/3-2-1024x576.png\" class=\"attachment-large size-large wp-image-1410\" alt=\"Wir \u00fcbernehmen f\u00fcr Sie Kostenanalyse Risikomanagement\" srcset=\"https:\/\/kosten-management.de\/wp-content\/uploads\/2026\/04\/3-2-1024x576.png 1024w, https:\/\/kosten-management.de\/wp-content\/uploads\/2026\/04\/3-2-300x169.png 300w, https:\/\/kosten-management.de\/wp-content\/uploads\/2026\/04\/3-2-768x432.png 768w, https:\/\/kosten-management.de\/wp-content\/uploads\/2026\/04\/3-2-1536x864.png 1536w, https:\/\/kosten-management.de\/wp-content\/uploads\/2026\/04\/3-2-18x10.png 18w, https:\/\/kosten-management.de\/wp-content\/uploads\/2026\/04\/3-2.png 1920w\" sizes=\"(max-width: 800px) 100vw, 800px\" \/>\t\t\t\t\t\t\t\t\t\t\t\t\t\t\t<\/div>\n\t\t\t\t<\/div>\n\t\t\t\t<div class=\"elementor-element elementor-element-6b06d7d elementor-widget elementor-widget-image\" data-id=\"6b06d7d\" data-element_type=\"widget\" data-widget_type=\"image.default\">\n\t\t\t\t<div class=\"elementor-widget-container\">\n\t\t\t\t\t\t\t\t\t\t\t\t\t\t\t<img loading=\"lazy\" decoding=\"async\" width=\"800\" height=\"450\" src=\"https:\/\/kosten-management.de\/wp-content\/uploads\/2026\/04\/5-1024x576.png\" class=\"attachment-large size-large wp-image-1408\" alt=\"Kontaktieren Sie uns f\u00fcr Kostenanalyse Risikomanagement\" srcset=\"https:\/\/kosten-management.de\/wp-content\/uploads\/2026\/04\/5-1024x576.png 1024w, https:\/\/kosten-management.de\/wp-content\/uploads\/2026\/04\/5-300x169.png 300w, https:\/\/kosten-management.de\/wp-content\/uploads\/2026\/04\/5-768x432.png 768w, https:\/\/kosten-management.de\/wp-content\/uploads\/2026\/04\/5-1536x864.png 1536w, https:\/\/kosten-management.de\/wp-content\/uploads\/2026\/04\/5-18x10.png 18w, https:\/\/kosten-management.de\/wp-content\/uploads\/2026\/04\/5.png 1920w\" sizes=\"(max-width: 800px) 100vw, 800px\" \/>\t\t\t\t\t\t\t\t\t\t\t\t\t\t\t<\/div>\n\t\t\t\t<\/div>\n\t\t\t\t<\/div>\n\t\t<div class=\"elementor-element elementor-element-3985670 e-con-full e-flex wpr-particle-no wpr-jarallax-no wpr-parallax-no wpr-sticky-section-no e-con e-child\" data-id=\"3985670\" data-element_type=\"container\">\n\t\t\t\t<div class=\"elementor-element elementor-element-3101656 elementor-widget elementor-widget-heading\" data-id=\"3101656\" data-element_type=\"widget\" id=\"start\" data-widget_type=\"heading.default\">\n\t\t\t\t<div class=\"elementor-widget-container\">\n\t\t\t\t\t<h2 class=\"elementor-heading-title elementor-size-default\">Industry Expertise<\/br>Strategy-Governance-Tools-People<\/h2>\t\t\t\t<\/div>\n\t\t\t\t<\/div>\n\t\t\t\t<div class=\"elementor-element elementor-element-63aa382 elementor-widget elementor-widget-text-editor\" data-id=\"63aa382\" data-element_type=\"widget\" data-widget_type=\"text-editor.default\">\n\t\t\t\t<div class=\"elementor-widget-container\">\n\t\t\t\t\t\t\t\t\t<ul><li><div class=\"O0\">Automotive (OEM, Tier 1\/2)<\/div><\/li><li><div class=\"O0\">Truck<\/div><\/li><li><div class=\"O0\">Railway<\/div><\/li><li><div class=\"O0\">Shipbuilding and Marine Engines<\/div><\/li><li><div class=\"O0\">Agricultural Machines<\/div><\/li><li><div class=\"O0\">Mechanical and Plant Engineering<\/div><\/li><li><div class=\"O0\">Special-purpose Machinery (e.g., construction)<\/div><\/li><li><div class=\"O0\">Material Handling<\/div><\/li><li><div class=\"O0\">Foundry and Forging<\/div><\/li><li><div class=\"O0\">Medical Devices &amp; Technology<\/div><\/li><li><div class=\"O0\">FMCG<\/div><\/li><\/ul>\t\t\t\t\t\t\t\t<\/div>\n\t\t\t\t<\/div>\n\t\t\t\t<\/div>\n\t\t<div class=\"elementor-element elementor-element-5d00372 e-con-full e-flex wpr-particle-no wpr-jarallax-no wpr-parallax-no wpr-sticky-section-no e-con e-child\" data-id=\"5d00372\" data-element_type=\"container\">\n\t\t\t\t<div class=\"elementor-element elementor-element-5e88d49 elementor-widget elementor-widget-heading\" data-id=\"5e88d49\" data-element_type=\"widget\" data-widget_type=\"heading.default\">\n\t\t\t\t<div class=\"elementor-widget-container\">\n\t\t\t\t\t<h2 class=\"elementor-heading-title elementor-size-default\">Category Expertise (selection)<\/h2>\t\t\t\t<\/div>\n\t\t\t\t<\/div>\n\t\t\t\t<div class=\"elementor-element elementor-element-460cd25 elementor-widget elementor-widget-text-editor\" data-id=\"460cd25\" data-element_type=\"widget\" data-widget_type=\"text-editor.default\">\n\t\t\t\t<div class=\"elementor-widget-container\">\n\t\t\t\t\t\t\t\t\t<ul><li class=\"O0\"><div class=\"O0\">Engine Components<\/div><ul><li class=\"O0\"><div class=\"O0\">Cylinder Heads<\/div><\/li><li class=\"O0\"><div class=\"O0\">Generators, Starter<\/div><\/li><li class=\"O0\"><div class=\"O0\">Exhaust Systems<\/div><\/li><li class=\"O0\"><div class=\"O0\">Water Pumps, Cooler<\/div><\/li><li class=\"O0\"><div class=\"O0\">\u2026.<\/div><\/li><\/ul><\/li><li class=\"O0\">Drive Technologies<\/li><li class=\"O0\">Generators &amp; Compressors<\/li><li class=\"O0\">Chassis Technology<\/li><li class=\"O0\">Production Tools<\/li><li class=\"O0\">Welded Assemblies<\/li><li class=\"O0\">Pressed, Stamped, and Drawn Parts<\/li><li class=\"O0\">Castings and Forgings<\/li><li class=\"O0\">Plastic and Polymers<\/li><li class=\"O0\">Assembly &amp; Joining Technologies<\/li><\/ul>\t\t\t\t\t\t\t\t<\/div>\n\t\t\t\t<\/div>\n\t\t\t\t<\/div>\n\t\t<div class=\"elementor-element elementor-element-2d97689 e-con-full e-flex wpr-particle-no wpr-jarallax-no wpr-parallax-no wpr-sticky-section-no e-con e-child\" data-id=\"2d97689\" data-element_type=\"container\">\n\t\t\t\t<div class=\"elementor-element elementor-element-965dbca elementor-widget elementor-widget-heading\" data-id=\"965dbca\" data-element_type=\"widget\" data-widget_type=\"heading.default\">\n\t\t\t\t<div class=\"elementor-widget-container\">\n\t\t\t\t\t<h2 class=\"elementor-heading-title elementor-size-default\">Technology Expertise (selection)<\/h2>\t\t\t\t<\/div>\n\t\t\t\t<\/div>\n\t\t\t\t<div class=\"elementor-element elementor-element-30b74cf elementor-widget elementor-widget-text-editor\" data-id=\"30b74cf\" data-element_type=\"widget\" data-widget_type=\"text-editor.default\">\n\t\t\t\t<div class=\"elementor-widget-container\">\n\t\t\t\t\t\t\t\t\t<ul><li><div class=\"O0\">Metal Forming<\/div><\/li><li><div class=\"O0\">Welding &amp; Laser Cutting<\/div><\/li><li><div class=\"O0\">Plastic Injection Molding<\/div><\/li><li><div class=\"O0\">Machining<\/div><\/li><li><div class=\"O0\">Electronics, Electrical Engineering<\/div><\/li><\/ul>\t\t\t\t\t\t\t\t<\/div>\n\t\t\t\t<\/div>\n\t\t\t\t<\/div>\n\t\t<div class=\"elementor-element elementor-element-6855af9 e-con-full elementor-hidden-desktop e-flex wpr-particle-no wpr-jarallax-no wpr-parallax-no wpr-sticky-section-no e-con e-child\" data-id=\"6855af9\" data-element_type=\"container\">\n\t\t\t\t<div class=\"elementor-element elementor-element-4f70e96 elementor-widget elementor-widget-image\" data-id=\"4f70e96\" data-element_type=\"widget\" data-widget_type=\"image.default\">\n\t\t\t\t<div class=\"elementor-widget-container\">\n\t\t\t\t\t\t\t\t\t\t\t\t\t\t\t<img fetchpriority=\"high\" decoding=\"async\" width=\"800\" height=\"450\" src=\"https:\/\/kosten-management.de\/wp-content\/uploads\/2026\/04\/1-3-1024x576.png\" class=\"attachment-large size-large wp-image-1412\" alt=\"Kostenanalyse Risikomanagement\" srcset=\"https:\/\/kosten-management.de\/wp-content\/uploads\/2026\/04\/1-3-1024x576.png 1024w, https:\/\/kosten-management.de\/wp-content\/uploads\/2026\/04\/1-3-300x169.png 300w, https:\/\/kosten-management.de\/wp-content\/uploads\/2026\/04\/1-3-768x432.png 768w, https:\/\/kosten-management.de\/wp-content\/uploads\/2026\/04\/1-3-1536x864.png 1536w, https:\/\/kosten-management.de\/wp-content\/uploads\/2026\/04\/1-3-18x10.png 18w, https:\/\/kosten-management.de\/wp-content\/uploads\/2026\/04\/1-3.png 1920w\" sizes=\"(max-width: 800px) 100vw, 800px\" \/>\t\t\t\t\t\t\t\t\t\t\t\t\t\t\t<\/div>\n\t\t\t\t<\/div>\n\t\t\t\t<div class=\"elementor-element elementor-element-9652412 elementor-widget elementor-widget-image\" data-id=\"9652412\" data-element_type=\"widget\" data-widget_type=\"image.default\">\n\t\t\t\t<div class=\"elementor-widget-container\">\n\t\t\t\t\t\t\t\t\t\t\t\t\t\t\t<img decoding=\"async\" width=\"800\" height=\"450\" src=\"https:\/\/kosten-management.de\/wp-content\/uploads\/2026\/04\/2-2-1024x576.png\" class=\"attachment-large size-large wp-image-1411\" alt=\"Wir helfen Ihnen bei Kostenanalyse Risikomanagement\" srcset=\"https:\/\/kosten-management.de\/wp-content\/uploads\/2026\/04\/2-2-1024x576.png 1024w, https:\/\/kosten-management.de\/wp-content\/uploads\/2026\/04\/2-2-300x169.png 300w, https:\/\/kosten-management.de\/wp-content\/uploads\/2026\/04\/2-2-768x432.png 768w, https:\/\/kosten-management.de\/wp-content\/uploads\/2026\/04\/2-2-1536x864.png 1536w, https:\/\/kosten-management.de\/wp-content\/uploads\/2026\/04\/2-2-18x10.png 18w, https:\/\/kosten-management.de\/wp-content\/uploads\/2026\/04\/2-2.png 1920w\" sizes=\"(max-width: 800px) 100vw, 800px\" \/>\t\t\t\t\t\t\t\t\t\t\t\t\t\t\t<\/div>\n\t\t\t\t<\/div>\n\t\t\t\t<div class=\"elementor-element elementor-element-0c21a78 elementor-widget elementor-widget-image\" data-id=\"0c21a78\" data-element_type=\"widget\" data-widget_type=\"image.default\">\n\t\t\t\t<div class=\"elementor-widget-container\">\n\t\t\t\t\t\t\t\t\t\t\t\t\t\t\t<img decoding=\"async\" width=\"800\" height=\"450\" src=\"https:\/\/kosten-management.de\/wp-content\/uploads\/2026\/04\/3-2-1024x576.png\" class=\"attachment-large size-large wp-image-1410\" alt=\"Wir \u00fcbernehmen f\u00fcr Sie Kostenanalyse Risikomanagement\" srcset=\"https:\/\/kosten-management.de\/wp-content\/uploads\/2026\/04\/3-2-1024x576.png 1024w, https:\/\/kosten-management.de\/wp-content\/uploads\/2026\/04\/3-2-300x169.png 300w, https:\/\/kosten-management.de\/wp-content\/uploads\/2026\/04\/3-2-768x432.png 768w, https:\/\/kosten-management.de\/wp-content\/uploads\/2026\/04\/3-2-1536x864.png 1536w, https:\/\/kosten-management.de\/wp-content\/uploads\/2026\/04\/3-2-18x10.png 18w, https:\/\/kosten-management.de\/wp-content\/uploads\/2026\/04\/3-2.png 1920w\" sizes=\"(max-width: 800px) 100vw, 800px\" \/>\t\t\t\t\t\t\t\t\t\t\t\t\t\t\t<\/div>\n\t\t\t\t<\/div>\n\t\t\t\t<div class=\"elementor-element elementor-element-a9d1425 elementor-widget elementor-widget-image\" data-id=\"a9d1425\" data-element_type=\"widget\" data-widget_type=\"image.default\">\n\t\t\t\t<div class=\"elementor-widget-container\">\n\t\t\t\t\t\t\t\t\t\t\t\t\t\t\t<img loading=\"lazy\" decoding=\"async\" width=\"800\" height=\"450\" src=\"https:\/\/kosten-management.de\/wp-content\/uploads\/2026\/04\/4-1-1024x576.png\" class=\"attachment-large size-large wp-image-1409\" alt=\"\" srcset=\"https:\/\/kosten-management.de\/wp-content\/uploads\/2026\/04\/4-1-1024x576.png 1024w, https:\/\/kosten-management.de\/wp-content\/uploads\/2026\/04\/4-1-300x169.png 300w, https:\/\/kosten-management.de\/wp-content\/uploads\/2026\/04\/4-1-768x432.png 768w, https:\/\/kosten-management.de\/wp-content\/uploads\/2026\/04\/4-1-1536x864.png 1536w, https:\/\/kosten-management.de\/wp-content\/uploads\/2026\/04\/4-1-18x10.png 18w, https:\/\/kosten-management.de\/wp-content\/uploads\/2026\/04\/4-1.png 1920w\" sizes=\"(max-width: 800px) 100vw, 800px\" \/>\t\t\t\t\t\t\t\t\t\t\t\t\t\t\t<\/div>\n\t\t\t\t<\/div>\n\t\t\t\t<div class=\"elementor-element elementor-element-a1e9533 elementor-widget elementor-widget-image\" data-id=\"a1e9533\" data-element_type=\"widget\" data-widget_type=\"image.default\">\n\t\t\t\t<div class=\"elementor-widget-container\">\n\t\t\t\t\t\t\t\t\t\t\t\t\t\t\t<img loading=\"lazy\" decoding=\"async\" width=\"800\" height=\"450\" src=\"https:\/\/kosten-management.de\/wp-content\/uploads\/2026\/04\/5-1024x576.png\" class=\"attachment-large size-large wp-image-1408\" alt=\"Kontaktieren Sie uns f\u00fcr Kostenanalyse Risikomanagement\" srcset=\"https:\/\/kosten-management.de\/wp-content\/uploads\/2026\/04\/5-1024x576.png 1024w, https:\/\/kosten-management.de\/wp-content\/uploads\/2026\/04\/5-300x169.png 300w, https:\/\/kosten-management.de\/wp-content\/uploads\/2026\/04\/5-768x432.png 768w, https:\/\/kosten-management.de\/wp-content\/uploads\/2026\/04\/5-1536x864.png 1536w, https:\/\/kosten-management.de\/wp-content\/uploads\/2026\/04\/5-18x10.png 18w, https:\/\/kosten-management.de\/wp-content\/uploads\/2026\/04\/5.png 1920w\" sizes=\"(max-width: 800px) 100vw, 800px\" \/>\t\t\t\t\t\t\t\t\t\t\t\t\t\t\t<\/div>\n\t\t\t\t<\/div>\n\t\t\t\t<\/div>\n\t\t\t\t\t<\/div>\n\t\t\t\t<\/div>\n\t\t<div class=\"elementor-element elementor-element-6f47435 e-flex e-con-boxed wpr-particle-no wpr-jarallax-no wpr-parallax-no wpr-sticky-section-no e-con e-parent\" data-id=\"6f47435\" data-element_type=\"container\">\n\t\t\t\t\t<div class=\"e-con-inner\">\n\t\t\t\t\t<\/div>\n\t\t\t\t<\/div>\n\t\t\t\t<\/div>","protected":false},"excerpt":{"rendered":"<p>Industrie- und Aufbau&shy;erfahrungStrategie-Struktur-Werkzeug-Mensch Automobilindustrie LKW-Industrie Bahntechnik Schiffbau und Schiffsmotoren Landmaschinentechnik Maschinen- und Anlagenbau Sondermaschinen (z.B. Bau) Material Handling Gie\u00dferei und Schmiede Medizintechnik FMCG Warengruppen&shy;expertise (Auswahl) Motorenbauteile, u.a. Zylinderk\u00f6pfe Generatoren, Starter Abgasbaugruppen Wasserpumpen, K\u00fchler \u2026. Antriebstechnologien Generatoren &amp; Kompressoren Fahrwerkstechnologie Produktionswerkzeuge Schwei\u00dfbaugruppen Press-\/Stanz-\/Ziehteile Schmiede- und Gussteile Plastik und Kunststoffe Montage- &amp; F\u00fcgetechnologien Technologie&shy;expertise (Auswahl) Metallumformung Schwei\u00dfen &amp; Lasern Kunststoffspritzguss Maschinelle Bearbeitung Elektronik, Elektrotechnik<\/p>","protected":false},"author":1,"featured_media":0,"parent":0,"menu_order":0,"comment_status":"closed","ping_status":"closed","template":"","meta":{"footnotes":""},"class_list":["post-1406","page","type-page","status-publish","hentry"],"yoast_head":"<!-- This site is optimized with the Yoast SEO plugin v24.4 - https:\/\/yoast.com\/wordpress\/plugins\/seo\/ -->\n<title>Technologien - targetP<\/title>\n<meta name=\"robots\" content=\"index, follow, max-snippet:-1, max-image-preview:large, max-video-preview:-1\" \/>\n<link rel=\"canonical\" href=\"https:\/\/kosten-management.de\/en\/technologien\/\" \/>\n<meta property=\"og:locale\" content=\"en_US\" \/>\n<meta property=\"og:type\" content=\"article\" \/>\n<meta property=\"og:title\" content=\"Technologien - targetP\" \/>\n<meta property=\"og:description\" content=\"Industrie- und Aufbau&shy;erfahrungStrategie-Struktur-Werkzeug-Mensch Automobilindustrie LKW-Industrie Bahntechnik Schiffbau und Schiffsmotoren Landmaschinentechnik Maschinen- und Anlagenbau Sondermaschinen (z.B. Bau) Material Handling Gie\u00dferei und Schmiede Medizintechnik FMCG Warengruppen&shy;expertise (Auswahl) Motorenbauteile, u.a. Zylinderk\u00f6pfe Generatoren, Starter Abgasbaugruppen Wasserpumpen, K\u00fchler \u2026. Antriebstechnologien Generatoren &amp; Kompressoren Fahrwerkstechnologie Produktionswerkzeuge Schwei\u00dfbaugruppen Press-\/Stanz-\/Ziehteile Schmiede- und Gussteile Plastik und Kunststoffe Montage- &amp; F\u00fcgetechnologien Technologie&shy;expertise (Auswahl) Metallumformung Schwei\u00dfen &amp; Lasern Kunststoffspritzguss Maschinelle Bearbeitung Elektronik, Elektrotechnik\" \/>\n<meta property=\"og:url\" content=\"https:\/\/kosten-management.de\/en\/technologien\/\" \/>\n<meta property=\"og:site_name\" content=\"targetP\" \/>\n<meta property=\"article:modified_time\" content=\"2026-04-24T06:49:06+00:00\" \/>\n<meta property=\"og:image\" content=\"https:\/\/kosten-management.de\/wp-content\/uploads\/2026\/04\/1-3-1024x576.png\" \/>\n\t<meta property=\"og:image:width\" content=\"1024\" \/>\n\t<meta property=\"og:image:height\" content=\"576\" \/>\n\t<meta property=\"og:image:type\" content=\"image\/png\" \/>\n<meta name=\"twitter:card\" content=\"summary_large_image\" \/>\n<meta name=\"twitter:label1\" content=\"Est. reading time\" \/>\n\t<meta name=\"twitter:data1\" content=\"3 minutes\" \/>\n<script type=\"application\/ld+json\" class=\"yoast-schema-graph\">{\"@context\":\"https:\/\/schema.org\",\"@graph\":[{\"@type\":\"WebPage\",\"@id\":\"https:\/\/kosten-management.de\/technologien\/\",\"url\":\"https:\/\/kosten-management.de\/technologien\/\",\"name\":\"Technologien - targetP\",\"isPartOf\":{\"@id\":\"https:\/\/kosten-management.de\/#website\"},\"primaryImageOfPage\":{\"@id\":\"https:\/\/kosten-management.de\/technologien\/#primaryimage\"},\"image\":{\"@id\":\"https:\/\/kosten-management.de\/technologien\/#primaryimage\"},\"thumbnailUrl\":\"https:\/\/kosten-management.de\/wp-content\/uploads\/2026\/04\/1-3-1024x576.png\",\"datePublished\":\"2026-04-23T14:33:43+00:00\",\"dateModified\":\"2026-04-24T06:49:06+00:00\",\"breadcrumb\":{\"@id\":\"https:\/\/kosten-management.de\/technologien\/#breadcrumb\"},\"inLanguage\":\"en-US\",\"potentialAction\":[{\"@type\":\"ReadAction\",\"target\":[\"https:\/\/kosten-management.de\/technologien\/\"]}]},{\"@type\":\"ImageObject\",\"inLanguage\":\"en-US\",\"@id\":\"https:\/\/kosten-management.de\/technologien\/#primaryimage\",\"url\":\"https:\/\/kosten-management.de\/wp-content\/uploads\/2026\/04\/1-3-1024x576.png\",\"contentUrl\":\"https:\/\/kosten-management.de\/wp-content\/uploads\/2026\/04\/1-3-1024x576.png\"},{\"@type\":\"BreadcrumbList\",\"@id\":\"https:\/\/kosten-management.de\/technologien\/#breadcrumb\",\"itemListElement\":[{\"@type\":\"ListItem\",\"position\":1,\"name\":\"Home\",\"item\":\"https:\/\/kosten-management.de\/\"},{\"@type\":\"ListItem\",\"position\":2,\"name\":\"Technologien\"}]},{\"@type\":\"WebSite\",\"@id\":\"https:\/\/kosten-management.de\/#website\",\"url\":\"https:\/\/kosten-management.de\/\",\"name\":\"targetP\",\"description\":\"Kostenmanagement\",\"publisher\":{\"@id\":\"https:\/\/kosten-management.de\/#organization\"},\"potentialAction\":[{\"@type\":\"SearchAction\",\"target\":{\"@type\":\"EntryPoint\",\"urlTemplate\":\"https:\/\/kosten-management.de\/?s={search_term_string}\"},\"query-input\":{\"@type\":\"PropertyValueSpecification\",\"valueRequired\":true,\"valueName\":\"search_term_string\"}}],\"inLanguage\":\"en-US\"},{\"@type\":\"Organization\",\"@id\":\"https:\/\/kosten-management.de\/#organization\",\"name\":\"targetP\",\"url\":\"https:\/\/kosten-management.de\/\",\"logo\":{\"@type\":\"ImageObject\",\"inLanguage\":\"en-US\",\"@id\":\"https:\/\/kosten-management.de\/#\/schema\/logo\/image\/\",\"url\":\"https:\/\/kosten-management.de\/wp-content\/uploads\/2025\/01\/logo_targetP_2024_Cost__Complexity.png\",\"contentUrl\":\"https:\/\/kosten-management.de\/wp-content\/uploads\/2025\/01\/logo_targetP_2024_Cost__Complexity.png\",\"width\":3000,\"height\":709,\"caption\":\"targetP\"},\"image\":{\"@id\":\"https:\/\/kosten-management.de\/#\/schema\/logo\/image\/\"}}]}<\/script>\n<!-- \/ Yoast SEO plugin. -->","yoast_head_json":{"title":"Technologien - targetP","robots":{"index":"index","follow":"follow","max-snippet":"max-snippet:-1","max-image-preview":"max-image-preview:large","max-video-preview":"max-video-preview:-1"},"canonical":"https:\/\/kosten-management.de\/en\/technologien\/","og_locale":"en_US","og_type":"article","og_title":"Technologien - targetP","og_description":"Industrie- und Aufbau&shy;erfahrungStrategie-Struktur-Werkzeug-Mensch Automobilindustrie LKW-Industrie Bahntechnik Schiffbau und Schiffsmotoren Landmaschinentechnik Maschinen- und Anlagenbau Sondermaschinen (z.B. Bau) Material Handling Gie\u00dferei und Schmiede Medizintechnik FMCG Warengruppen&shy;expertise (Auswahl) Motorenbauteile, u.a. Zylinderk\u00f6pfe Generatoren, Starter Abgasbaugruppen Wasserpumpen, K\u00fchler \u2026. Antriebstechnologien Generatoren &amp; Kompressoren Fahrwerkstechnologie Produktionswerkzeuge Schwei\u00dfbaugruppen Press-\/Stanz-\/Ziehteile Schmiede- und Gussteile Plastik und Kunststoffe Montage- &amp; F\u00fcgetechnologien Technologie&shy;expertise (Auswahl) Metallumformung Schwei\u00dfen &amp; Lasern Kunststoffspritzguss Maschinelle Bearbeitung Elektronik, Elektrotechnik","og_url":"https:\/\/kosten-management.de\/en\/technologien\/","og_site_name":"targetP","article_modified_time":"2026-04-24T06:49:06+00:00","og_image":[{"width":1024,"height":576,"url":"https:\/\/kosten-management.de\/wp-content\/uploads\/2026\/04\/1-3-1024x576.png","type":"image\/png"}],"twitter_card":"summary_large_image","twitter_misc":{"Est. reading time":"3 minutes"},"schema":{"@context":"https:\/\/schema.org","@graph":[{"@type":"WebPage","@id":"https:\/\/kosten-management.de\/technologien\/","url":"https:\/\/kosten-management.de\/technologien\/","name":"Technologien - targetP","isPartOf":{"@id":"https:\/\/kosten-management.de\/#website"},"primaryImageOfPage":{"@id":"https:\/\/kosten-management.de\/technologien\/#primaryimage"},"image":{"@id":"https:\/\/kosten-management.de\/technologien\/#primaryimage"},"thumbnailUrl":"https:\/\/kosten-management.de\/wp-content\/uploads\/2026\/04\/1-3-1024x576.png","datePublished":"2026-04-23T14:33:43+00:00","dateModified":"2026-04-24T06:49:06+00:00","breadcrumb":{"@id":"https:\/\/kosten-management.de\/technologien\/#breadcrumb"},"inLanguage":"en-US","potentialAction":[{"@type":"ReadAction","target":["https:\/\/kosten-management.de\/technologien\/"]}]},{"@type":"ImageObject","inLanguage":"en-US","@id":"https:\/\/kosten-management.de\/technologien\/#primaryimage","url":"https:\/\/kosten-management.de\/wp-content\/uploads\/2026\/04\/1-3-1024x576.png","contentUrl":"https:\/\/kosten-management.de\/wp-content\/uploads\/2026\/04\/1-3-1024x576.png"},{"@type":"BreadcrumbList","@id":"https:\/\/kosten-management.de\/technologien\/#breadcrumb","itemListElement":[{"@type":"ListItem","position":1,"name":"Home","item":"https:\/\/kosten-management.de\/"},{"@type":"ListItem","position":2,"name":"Technologien"}]},{"@type":"WebSite","@id":"https:\/\/kosten-management.de\/#website","url":"https:\/\/kosten-management.de\/","name":"targetP","description":"Kostenmanagement","publisher":{"@id":"https:\/\/kosten-management.de\/#organization"},"potentialAction":[{"@type":"SearchAction","target":{"@type":"EntryPoint","urlTemplate":"https:\/\/kosten-management.de\/?s={search_term_string}"},"query-input":{"@type":"PropertyValueSpecification","valueRequired":true,"valueName":"search_term_string"}}],"inLanguage":"en-US"},{"@type":"Organization","@id":"https:\/\/kosten-management.de\/#organization","name":"targetP","url":"https:\/\/kosten-management.de\/","logo":{"@type":"ImageObject","inLanguage":"en-US","@id":"https:\/\/kosten-management.de\/#\/schema\/logo\/image\/","url":"https:\/\/kosten-management.de\/wp-content\/uploads\/2025\/01\/logo_targetP_2024_Cost__Complexity.png","contentUrl":"https:\/\/kosten-management.de\/wp-content\/uploads\/2025\/01\/logo_targetP_2024_Cost__Complexity.png","width":3000,"height":709,"caption":"targetP"},"image":{"@id":"https:\/\/kosten-management.de\/#\/schema\/logo\/image\/"}}]}},"_links":{"self":[{"href":"https:\/\/kosten-management.de\/en\/wp-json\/wp\/v2\/pages\/1406","targetHints":{"allow":["GET"]}}],"collection":[{"href":"https:\/\/kosten-management.de\/en\/wp-json\/wp\/v2\/pages"}],"about":[{"href":"https:\/\/kosten-management.de\/en\/wp-json\/wp\/v2\/types\/page"}],"author":[{"embeddable":true,"href":"https:\/\/kosten-management.de\/en\/wp-json\/wp\/v2\/users\/1"}],"replies":[{"embeddable":true,"href":"https:\/\/kosten-management.de\/en\/wp-json\/wp\/v2\/comments?post=1406"}],"version-history":[{"count":25,"href":"https:\/\/kosten-management.de\/en\/wp-json\/wp\/v2\/pages\/1406\/revisions"}],"predecessor-version":[{"id":1514,"href":"https:\/\/kosten-management.de\/en\/wp-json\/wp\/v2\/pages\/1406\/revisions\/1514"}],"wp:attachment":[{"href":"https:\/\/kosten-management.de\/en\/wp-json\/wp\/v2\/media?parent=1406"}],"curies":[{"name":"wp","href":"https:\/\/api.w.org\/{rel}","templated":true}]}}